{"id":201,"date":"2013-02-10T22:13:50","date_gmt":"2013-02-10T22:13:50","guid":{"rendered":"http:\/\/wp10461188.wp130.webpack.hosteurope.de\/fgqigong\/?page_id=201"},"modified":"2025-03-06T14:34:40","modified_gmt":"2025-03-06T14:34:40","slug":"kontakt","status":"publish","type":"page","link":"https:\/\/www.beatbar-band.de\/?page_id=201","title":{"rendered":"Kontakt \/ Impressum"},"content":{"rendered":"<p style=\"text-align: left;\"><strong>Email:<br \/>\n<\/strong><a href=\"mailto:info@beatbar-band.de\">info@beatbar-band.de<\/a><\/p>\n<p><strong>Kontakt:<br \/>\n<\/strong>prima promotion department<br \/>\nEric Limberg<br \/>\nM\u00fcllinger Str. 20<br \/>\n31319 Sehnde<\/p>\n<p><strong>Links:<br \/>\n<\/strong><a href=\"https:\/\/www.facebook.com\/beatbarband\/timeline\" target=\"_blank\" rel=\"noopener noreferrer\">facebook.com\/beatbarband<\/a><br \/>\n<a href=\"https:\/\/soundcloud.com\/beatbar-1\" target=\"_blank\" rel=\"noopener noreferrer\">soundcloud.com\/beatbar-1<\/a><br \/>\n<a href=\"https:\/\/www.youtube.com\/channel\/UCCfk1vAaoiubH6mJJkuSMwA\/about\" target=\"_blank\" rel=\"noopener noreferrer\">youtube<\/a><br \/>\n<a href=\"https:\/\/www.instagram.com\/beatbar_band\" target=\"_blank\" rel=\"noopener noreferrer\">instagram.com\/beatbar_band<\/a><\/p>\n<p><strong>Das Kleingedruckte:<\/strong> Die Vervielf\u00e4ltigung der bereitgestellten Informationen, insbesondere die Verwendung von Texten, Textteilen, Ton- oder Bildmaterial bedarf der vorherigen Zustimmung der Urheber. Trotz sorgf\u00e4ltiger inhaltlicher Kontrolle \u00fcbernehmen wir keine Haftung f\u00fcr die Inhalte externer Links. F\u00fcr den Inhalt der verlinkten Seiten sind ausschlie\u00dflich deren Betreiber verantwortlich.<\/p>\n","protected":false},"excerpt":{"rendered":"<p>Email: info@beatbar-band.de Kontakt: prima promotion department Eric Limberg M\u00fcllinger Str. 20 31319 Sehnde Links: facebook.com\/beatbarband soundcloud.com\/beatbar-1 youtube instagram.com\/beatbar_band Das Kleingedruckte: Die Vervielf\u00e4ltigung der bereitgestellten Informationen, insbesondere die Verwendung von Texten, Textteilen, Ton- oder Bildmaterial bedarf der vorherigen Zustimmung der Urheber.<\/p>\n","protected":false},"author":1,"featured_media":0,"parent":0,"menu_order":0,"comment_status":"closed","ping_status":"closed","template":"","meta":{"footnotes":""},"class_list":["post-201","page","type-page","status-publish","hentry"],"jetpack_sharing_enabled":true,"jetpack_likes_enabled":true,"_links":{"self":[{"href":"https:\/\/www.beatbar-band.de\/index.php?rest_route=\/wp\/v2\/pages\/201","targetHints":{"allow":["GET"]}}],"collection":[{"href":"https:\/\/www.beatbar-band.de\/index.php?rest_route=\/wp\/v2\/pages"}],"about":[{"href":"https:\/\/www.beatbar-band.de\/index.php?rest_route=\/wp\/v2\/types\/page"}],"author":[{"embeddable":true,"href":"https:\/\/www.beatbar-band.de\/index.php?rest_route=\/wp\/v2\/users\/1"}],"replies":[{"embeddable":true,"href":"https:\/\/www.beatbar-band.de\/index.php?rest_route=%2Fwp%2Fv2%2Fcomments&post=201"}],"version-history":[{"count":83,"href":"https:\/\/www.beatbar-band.de\/index.php?rest_route=\/wp\/v2\/pages\/201\/revisions"}],"predecessor-version":[{"id":3234,"href":"https:\/\/www.beatbar-band.de\/index.php?rest_route=\/wp\/v2\/pages\/201\/revisions\/3234"}],"wp:attachment":[{"href":"https:\/\/www.beatbar-band.de\/index.php?rest_route=%2Fwp%2Fv2%2Fmedia&parent=201"}],"curies":[{"name":"wp","href":"https:\/\/api.w.org\/{rel}","templated":true}]}}